{"id":1535,"date":"2021-10-28T17:25:13","date_gmt":"2021-10-28T08:25:13","guid":{"rendered":"https:\/\/villa.nohoho.jp\/?page_id=1535"},"modified":"2022-12-13T12:56:58","modified_gmt":"2022-12-13T03:56:58","slug":"concept02","status":"publish","type":"page","link":"https:\/\/villa.nohoho.jp\/de\/concept02\/","title":{"rendered":"Nur eine Gruppe pro Tag"},"content":{"rendered":"<p>Da die Unterkunft auf eine Gruppe beschr\u00e4nkt ist, k\u00f6nnen die G\u00e4ste ihre private Zeit genie\u00dfen und in ihrem eigenen Tempo entspannen. Es bietet Platz f\u00fcr Besucher bis zu 4 Personen. Zur Unterst\u00fctzung k\u00f6nnen sich die G\u00e4ste einfach an den Eigent\u00fcmer wenden, der im selben Geb\u00e4ude wohnt, oder einfach ein Yuntaku-Chat \u00fcber die Insel oder andere Themen f\u00fchren.<\/p>","protected":false},"excerpt":{"rendered":"<p>Nullam ut tempor eros. Donec faucibus, velit et imperdiet aliquam, lacus velit luctus urna, vitae porttitor orci libero id felis.<\/p>\n","protected":false},"author":1,"featured_media":2604,"parent":0,"menu_order":14,"comment_status":"closed","ping_status":"closed","template":"","meta":[],"_links":{"self":[{"href":"https:\/\/villa.nohoho.jp\/de\/wp-json\/wp\/v2\/pages\/1535"}],"collection":[{"href":"https:\/\/villa.nohoho.jp\/de\/wp-json\/wp\/v2\/pages"}],"about":[{"href":"https:\/\/villa.nohoho.jp\/de\/wp-json\/wp\/v2\/types\/page"}],"author":[{"embeddable":true,"href":"https:\/\/villa.nohoho.jp\/de\/wp-json\/wp\/v2\/users\/1"}],"replies":[{"embeddable":true,"href":"https:\/\/villa.nohoho.jp\/de\/wp-json\/wp\/v2\/comments?post=1535"}],"version-history":[{"count":21,"href":"https:\/\/villa.nohoho.jp\/de\/wp-json\/wp\/v2\/pages\/1535\/revisions"}],"predecessor-version":[{"id":2699,"href":"https:\/\/villa.nohoho.jp\/de\/wp-json\/wp\/v2\/pages\/1535\/revisions\/2699"}],"wp:featuredmedia":[{"embeddable":true,"href":"https:\/\/villa.nohoho.jp\/de\/wp-json\/wp\/v2\/media\/2604"}],"wp:attachment":[{"href":"https:\/\/villa.nohoho.jp\/de\/wp-json\/wp\/v2\/media?parent=1535"}],"curies":[{"name":"wp","href":"https:\/\/api.w.org\/{rel}","templated":true}]}}