{"id":2332,"date":"2021-12-09T09:22:55","date_gmt":"2021-12-09T00:22:55","guid":{"rendered":"https:\/\/villa.nohoho.jp\/?page_id=2332"},"modified":"2022-12-13T12:54:30","modified_gmt":"2022-12-13T03:54:30","slug":"%e5%ae%bf%e3%82%8a%e3%82%a4%e3%83%b3%e3%83%88%e3%83%ad%e6%96%87%e7%ab%a0","status":"publish","type":"page","link":"https:\/\/villa.nohoho.jp\/de\/%e5%ae%bf%e3%82%8a%e3%82%a4%e3%83%b3%e3%83%88%e3%83%ad%e6%96%87%e7%ab%a0\/","title":{"rendered":"\u5bbf\u308astay\uff08\u30a4\u30f3\u30c8\u30ed\u6587\u7ae0\uff09"},"content":{"rendered":"<p>Wachen Sie morgens mit beruhigenden Vogelgezwitscher auf. Genie\u00dfen Sie tags\u00fcber die Sonne. Nachdem Sie in der Abendd\u00e4mmerung am nahe gelegenen Strand den Sonnenuntergang beobachtet haben, genie\u00dfen Sie den Sternenhimmel, w\u00e4hrend sich die Milchstra\u00dfe direkt vor Ihnen ausbreitet. Sie k\u00f6nnen den ganzen Tag in Ruhe in der \u00fcppig gr\u00fcnen Natur des n\u00f6rdlichen Teils von Ishigaki verbringen.<\/p>\n<p>Die Bettw\u00e4sche ist im japanischen Stil gehalten, verf\u00fcgt jedoch \u00fcber hochwertige Urethanmatratzen aus Japan. Es gibt eine eigene Dusche und Toilette f\u00fcr die G\u00e4ste, w\u00e4hrend die Designerk\u00fcche mit dem Eigent\u00fcmer geteilt wird, der im selben Geb\u00e4ude wohnt.<\/p>\n<p>&nbsp;<\/p>","protected":false},"excerpt":{"rendered":"<p>Wachen Sie morgens mit beruhig &#8230;<\/p>\n","protected":false},"author":1,"featured_media":0,"parent":0,"menu_order":11,"comment_status":"closed","ping_status":"closed","template":"","meta":[],"_links":{"self":[{"href":"https:\/\/villa.nohoho.jp\/de\/wp-json\/wp\/v2\/pages\/2332"}],"collection":[{"href":"https:\/\/villa.nohoho.jp\/de\/wp-json\/wp\/v2\/pages"}],"about":[{"href":"https:\/\/villa.nohoho.jp\/de\/wp-json\/wp\/v2\/types\/page"}],"author":[{"embeddable":true,"href":"https:\/\/villa.nohoho.jp\/de\/wp-json\/wp\/v2\/users\/1"}],"replies":[{"embeddable":true,"href":"https:\/\/villa.nohoho.jp\/de\/wp-json\/wp\/v2\/comments?post=2332"}],"version-history":[{"count":7,"href":"https:\/\/villa.nohoho.jp\/de\/wp-json\/wp\/v2\/pages\/2332\/revisions"}],"predecessor-version":[{"id":2698,"href":"https:\/\/villa.nohoho.jp\/de\/wp-json\/wp\/v2\/pages\/2332\/revisions\/2698"}],"wp:attachment":[{"href":"https:\/\/villa.nohoho.jp\/de\/wp-json\/wp\/v2\/media?parent=2332"}],"curies":[{"name":"wp","href":"https:\/\/api.w.org\/{rel}","templated":true}]}}