{"id":2338,"date":"2021-12-09T09:41:11","date_gmt":"2021-12-09T00:41:11","guid":{"rendered":"https:\/\/villa.nohoho.jp\/?page_id=2338"},"modified":"2024-04-02T15:50:07","modified_gmt":"2024-04-02T06:50:07","slug":"%e5%ae%bf%e4%b8%bbowner%ef%bc%88eric%e3%83%97%e3%83%ad%e3%83%95%e3%82%a3%e3%83%bc%e3%83%ab%ef%bc%89","status":"publish","type":"page","link":"https:\/\/villa.nohoho.jp\/de\/%e5%ae%bf%e4%b8%bbowner%ef%bc%88eric%e3%83%97%e3%83%ad%e3%83%95%e3%82%a3%e3%83%bc%e3%83%ab%ef%bc%89\/","title":{"rendered":"\u5bbf\u4e3bowner\uff08Eric\u30d7\u30ed\u30d5\u30a3\u30fc\u30eb\uff09"},"content":{"rendered":"<p><\/p>\n<div class=\"section-title-area\">\n<h5 class=\"section-subtitle\">owner<\/h5>\n<h2 class=\"section-title\">\u306f\u3058\u307f\u3066\u3043 \u3086\u3093\u3089\u30fc\uff01<\/h2>\n<\/div>\n<p><img decoding=\"async\" loading=\"lazy\" class=\"aligncenter wp-image-1763 size-large\" src=\"https:\/\/villa.nohoho.jp\/wp-content\/uploads\/2021\/11\/owner-1-1024x684.jpg\" alt=\"\u30d5\u30a1\u30f3\u30e9\u30a4\u30f3\u30fb\u30a8\u30ea\u30c3\u30af Eric van Rijn\" width=\"800\" height=\"534\" srcset=\"https:\/\/villa.nohoho.jp\/wp-content\/uploads\/2021\/11\/owner-1-1024x684.jpg 1024w, https:\/\/villa.nohoho.jp\/wp-content\/uploads\/2021\/11\/owner-1-300x200.jpg 300w, https:\/\/villa.nohoho.jp\/wp-content\/uploads\/2021\/11\/owner-1-768x513.jpg 768w, https:\/\/villa.nohoho.jp\/wp-content\/uploads\/2021\/11\/owner-1.jpg 1200w\" sizes=\"(max-width: 800px) 100vw, 800px\" \/><\/p>\n<h4>Eric van Rijn<\/h4>\n<p>Eric van Rijn ist in der N\u00e4he von Gouda in den Niederlanden, geboren und aufgewachsen und lebt seit \u00fcber 20 Jahren in Japan. Nach seinem Studium in Rotterdam und Tokio, war er \u00fcber 10 Jahre in internationalen Unternehmen in Frankfurt, Tokio und Osaka t\u00e4tig. Nachdem er seit seiner ersten Reise zu diesen wundersch\u00f6nen Inseln im Jahr 2006 regelm\u00e4\u00dfig Okinawa besucht hatte, zog er 2016 nach Ishigaki. Hier gr\u00fcndete er als Freelancer Nohoho und leitet seit 2020 neben seine Beratungst\u00e4tigkeiten auch ViLLA Nohoho. Er spricht Deutsch, zwar mit holl\u00e4ndischem Akzent und manchmal mit den falschen F\u00e4llen \ud83d\ude0a<\/p>\n<p>&nbsp;<\/p>","protected":false},"excerpt":{"rendered":"<p>owner \u306f\u3058\u307f\u3066\u3043 \u3086\u3093\u3089\u30fc\uff01 Eric van Rij &#8230;<\/p>\n","protected":false},"author":1,"featured_media":0,"parent":0,"menu_order":10,"comment_status":"closed","ping_status":"closed","template":"","meta":[],"_links":{"self":[{"href":"https:\/\/villa.nohoho.jp\/de\/wp-json\/wp\/v2\/pages\/2338"}],"collection":[{"href":"https:\/\/villa.nohoho.jp\/de\/wp-json\/wp\/v2\/pages"}],"about":[{"href":"https:\/\/villa.nohoho.jp\/de\/wp-json\/wp\/v2\/types\/page"}],"author":[{"embeddable":true,"href":"https:\/\/villa.nohoho.jp\/de\/wp-json\/wp\/v2\/users\/1"}],"replies":[{"embeddable":true,"href":"https:\/\/villa.nohoho.jp\/de\/wp-json\/wp\/v2\/comments?post=2338"}],"version-history":[{"count":27,"href":"https:\/\/villa.nohoho.jp\/de\/wp-json\/wp\/v2\/pages\/2338\/revisions"}],"predecessor-version":[{"id":2752,"href":"https:\/\/villa.nohoho.jp\/de\/wp-json\/wp\/v2\/pages\/2338\/revisions\/2752"}],"wp:attachment":[{"href":"https:\/\/villa.nohoho.jp\/de\/wp-json\/wp\/v2\/media?parent=2338"}],"curies":[{"name":"wp","href":"https:\/\/api.w.org\/{rel}","templated":true}]}}