{"id":2359,"date":"2021-12-10T09:37:33","date_gmt":"2021-12-10T00:37:33","guid":{"rendered":"https:\/\/villa.nohoho.jp\/?page_id=2359"},"modified":"2022-12-13T12:48:14","modified_gmt":"2022-12-13T03:48:14","slug":"facilities","status":"publish","type":"page","link":"https:\/\/villa.nohoho.jp\/de\/facilities\/","title":{"rendered":"Einrichtungen"},"content":{"rendered":"<p><\/p>\n<h5>G\u00e4steZIMMER (Privat)<\/h5>\n<p>WC, Regendusche, Waschbecken (alles getrennt). Klimaanlage, Deckenventilator, tragbarer Luftumw\u00e4lzer, Luftreiniger, Haartrockner, WLAN. Imabari-Handt\u00fccher (K\u00f6rper, Gesicht). Shampoo und K\u00f6rperseife.<\/p>\n<p>\u203b Aus Umweltgr\u00fcnden bieten wir keine Einwegartikel wie Zahnb\u00fcrsten an.<\/p>\n<p>\u203b Es gibt kein Fernsehen. Ihr Fernseher entfaltet sich aus dem Blick durch das Zimmerfenster. Genie\u00dfen Sie \u201eSlow-TV\u201c im Okinawa-Stil.<\/p>\n<h5>Gemeinsame Nutzung (Mit DEM inhaber)<\/h5>\n<p>K\u00fcche, K\u00fchlschrank, Mikrowelle, Wasserkocher, IH-Herd, Grillset, Patio.<\/p>\n<p><span data-language-for-alternatives=\"de\" data-language-to-translate-into=\"nl\" data-phrase-index=\"2\" data-number-of-phrases=\"7\">Geschirr und Gew\u00fcrze zum Kochen etc. in der K\u00fcche k\u00f6nnen frei verwendet werden.<\/span><\/p>\n<p><span class=\"VIiyi\" lang=\"de\"><span class=\"JLqJ4b ChMk0b\" data-language-for-alternatives=\"de\" data-language-to-translate-into=\"nl\" data-phrase-index=\"0\" data-number-of-phrases=\"1\">Bei einem Aufenthalt von mehr als zwei N\u00e4chten steht die Nutzung der Waschmaschine zur Verf\u00fcgung.<\/span><\/span><\/p>\n<p><span data-language-for-alternatives=\"de\" data-language-to-translate-into=\"nl\" data-phrase-index=\"4\" data-number-of-phrases=\"7\">Ein extra WC und eine Dusche sind zus\u00e4tzlich zu den G\u00e4stezimmern vorhanden.<\/span><\/p>\n<p><span data-language-for-alternatives=\"de\" data-language-to-translate-into=\"nl\" data-phrase-index=\"6\" data-number-of-phrases=\"7\">Notstromgenerator.<\/span><\/p>","protected":false},"excerpt":{"rendered":"<p>G\u00e4steZIMMER (Privat) WC, Regen &#8230;<\/p>\n","protected":false},"author":1,"featured_media":2225,"parent":0,"menu_order":8,"comment_status":"closed","ping_status":"closed","template":"","meta":[],"_links":{"self":[{"href":"https:\/\/villa.nohoho.jp\/de\/wp-json\/wp\/v2\/pages\/2359"}],"collection":[{"href":"https:\/\/villa.nohoho.jp\/de\/wp-json\/wp\/v2\/pages"}],"about":[{"href":"https:\/\/villa.nohoho.jp\/de\/wp-json\/wp\/v2\/types\/page"}],"author":[{"embeddable":true,"href":"https:\/\/villa.nohoho.jp\/de\/wp-json\/wp\/v2\/users\/1"}],"replies":[{"embeddable":true,"href":"https:\/\/villa.nohoho.jp\/de\/wp-json\/wp\/v2\/comments?post=2359"}],"version-history":[{"count":11,"href":"https:\/\/villa.nohoho.jp\/de\/wp-json\/wp\/v2\/pages\/2359\/revisions"}],"predecessor-version":[{"id":2694,"href":"https:\/\/villa.nohoho.jp\/de\/wp-json\/wp\/v2\/pages\/2359\/revisions\/2694"}],"wp:featuredmedia":[{"embeddable":true,"href":"https:\/\/villa.nohoho.jp\/de\/wp-json\/wp\/v2\/media\/2225"}],"wp:attachment":[{"href":"https:\/\/villa.nohoho.jp\/de\/wp-json\/wp\/v2\/media?parent=2359"}],"curies":[{"name":"wp","href":"https:\/\/api.w.org\/{rel}","templated":true}]}}