{"id":2381,"date":"2021-12-10T10:50:23","date_gmt":"2021-12-10T01:50:23","guid":{"rendered":"https:\/\/villa.nohoho.jp\/?page_id=2381"},"modified":"2024-06-02T16:41:30","modified_gmt":"2024-06-02T07:41:30","slug":"activity","status":"publish","type":"page","link":"https:\/\/villa.nohoho.jp\/de\/activity\/","title":{"rendered":"Activity"},"content":{"rendered":"<p><span class=\"VIiyi\" lang=\"de\"><span class=\"JLqJ4b ChMk0b\" data-language-for-alternatives=\"de\" data-language-to-translate-into=\"nl\" data-phrase-index=\"0\" data-number-of-phrases=\"6\">Es gibt viele Aktivit\u00e4ten, die auf der n\u00f6rdlichen Halbinsel Ishigaki einzigartig sind.<\/span> <span class=\"JLqJ4b ChMk0b\" data-language-for-alternatives=\"de\" data-language-to-translate-into=\"nl\" data-phrase-index=\"1\" data-number-of-phrases=\"6\">Reiten, Paragliding, SUP, Kajakfahren usw. k\u00f6nnen Sie in der N\u00e4he genie\u00dfen.<\/span> <span class=\"JLqJ4b ChMk0b\" data-language-for-alternatives=\"de\" data-language-to-translate-into=\"nl\" data-phrase-index=\"2\" data-number-of-phrases=\"6\">Der nahe gelegene Strand bietet M\u00f6glichkeiten zum Schnorcheln und Yoga.<\/span> <span class=\"JLqJ4b ChMk0b\" data-language-for-alternatives=\"de\" data-language-to-translate-into=\"nl\" data-phrase-index=\"3\" data-number-of-phrases=\"6\">Bei klarem Himmel ist auch das Beobachten des Nachthimmels aus dem Garten eine Aktivit\u00e4t, die man nicht verpassen sollte.<\/span> <\/span><\/p>\n<p><span class=\"VIiyi\" lang=\"de\"><span class=\"JLqJ4b ChMk0b\" data-language-for-alternatives=\"de\" data-language-to-translate-into=\"nl\" data-phrase-index=\"5\" data-number-of-phrases=\"6\">Nat\u00fcrlich sind auch \u201eAktivit\u00e4ten\u201c wie ein Buch lesen, schlafen oder den ganzen Tag Wein und Awamori genie\u00dfen empfehlenswerte Alternativen, um weniger aktiv zu sein.<\/span><\/span><\/p>","protected":false},"excerpt":{"rendered":"<p>Es gibt viele Aktivit\u00e4ten, die &#8230;<\/p>\n","protected":false},"author":1,"featured_media":0,"parent":0,"menu_order":3,"comment_status":"closed","ping_status":"closed","template":"","meta":[],"_links":{"self":[{"href":"https:\/\/villa.nohoho.jp\/de\/wp-json\/wp\/v2\/pages\/2381"}],"collection":[{"href":"https:\/\/villa.nohoho.jp\/de\/wp-json\/wp\/v2\/pages"}],"about":[{"href":"https:\/\/villa.nohoho.jp\/de\/wp-json\/wp\/v2\/types\/page"}],"author":[{"embeddable":true,"href":"https:\/\/villa.nohoho.jp\/de\/wp-json\/wp\/v2\/users\/1"}],"replies":[{"embeddable":true,"href":"https:\/\/villa.nohoho.jp\/de\/wp-json\/wp\/v2\/comments?post=2381"}],"version-history":[{"count":10,"href":"https:\/\/villa.nohoho.jp\/de\/wp-json\/wp\/v2\/pages\/2381\/revisions"}],"predecessor-version":[{"id":2753,"href":"https:\/\/villa.nohoho.jp\/de\/wp-json\/wp\/v2\/pages\/2381\/revisions\/2753"}],"wp:attachment":[{"href":"https:\/\/villa.nohoho.jp\/de\/wp-json\/wp\/v2\/media?parent=2381"}],"curies":[{"name":"wp","href":"https:\/\/api.w.org\/{rel}","templated":true}]}}