{"id":2432,"date":"2021-12-15T09:35:25","date_gmt":"2021-12-15T00:35:25","guid":{"rendered":"https:\/\/villa.nohoho.jp\/?page_id=2432"},"modified":"2022-12-13T12:46:05","modified_gmt":"2022-12-13T03:46:05","slug":"area","status":"publish","type":"page","link":"https:\/\/villa.nohoho.jp\/de\/area\/","title":{"rendered":"Umgebung"},"content":{"rendered":"<p>In der N\u00e4he des Dorfes Kuura gibt es eigentlich keine Gesch\u00e4fte. Lustige Tatsache (die in Japan ziemlich einzigartig ist): Es gibt nicht einmal einen (funktionierenden) Getr\u00e4nkeautomaten. Wir empfehlen G\u00e4sten, die hier \u00fcbernachten, zuerst im Stadtgebiet von Ishigaki im S\u00fcden einzukaufen, bevor sie nach Kuura im Norden fahren. Im Nachbardorf Akashi, das 5 Autominuten entfernt ist, gibt es zwei Gesch\u00e4fte, in denen man den t\u00e4glichen Bedarf bekommt, allerdings ist das Angebot begrenzt. <span data-language-for-alternatives=\"de\" data-language-to-translate-into=\"nl\" data-phrase-index=\"4\" data-number-of-phrases=\"5\">Einzige <\/span>Restaurants gibt es innerhalb einer kurzen Autofahrt, zB in Ibaruma (ca. 10 Minuten) und der Gegend von Nosoko (ca. 20 Minuten).<\/p>","protected":false},"excerpt":{"rendered":"<p>In der N\u00e4he des Dorfes Kuura g &#8230;<\/p>\n","protected":false},"author":1,"featured_media":2435,"parent":0,"menu_order":7,"comment_status":"closed","ping_status":"closed","template":"","meta":[],"_links":{"self":[{"href":"https:\/\/villa.nohoho.jp\/de\/wp-json\/wp\/v2\/pages\/2432"}],"collection":[{"href":"https:\/\/villa.nohoho.jp\/de\/wp-json\/wp\/v2\/pages"}],"about":[{"href":"https:\/\/villa.nohoho.jp\/de\/wp-json\/wp\/v2\/types\/page"}],"author":[{"embeddable":true,"href":"https:\/\/villa.nohoho.jp\/de\/wp-json\/wp\/v2\/users\/1"}],"replies":[{"embeddable":true,"href":"https:\/\/villa.nohoho.jp\/de\/wp-json\/wp\/v2\/comments?post=2432"}],"version-history":[{"count":10,"href":"https:\/\/villa.nohoho.jp\/de\/wp-json\/wp\/v2\/pages\/2432\/revisions"}],"predecessor-version":[{"id":2693,"href":"https:\/\/villa.nohoho.jp\/de\/wp-json\/wp\/v2\/pages\/2432\/revisions\/2693"}],"wp:featuredmedia":[{"embeddable":true,"href":"https:\/\/villa.nohoho.jp\/de\/wp-json\/wp\/v2\/media\/2435"}],"wp:attachment":[{"href":"https:\/\/villa.nohoho.jp\/de\/wp-json\/wp\/v2\/media?parent=2432"}],"curies":[{"name":"wp","href":"https:\/\/api.w.org\/{rel}","templated":true}]}}