{"id":2444,"date":"2021-12-15T10:18:36","date_gmt":"2021-12-15T01:18:36","guid":{"rendered":"https:\/\/villa.nohoho.jp\/?page_id=2444"},"modified":"2022-12-13T12:37:36","modified_gmt":"2022-12-13T03:37:36","slug":"concept06","status":"publish","type":"page","link":"https:\/\/villa.nohoho.jp\/de\/concept06\/","title":{"rendered":"Eine Region, die Geschichte erz\u00e4hlt"},"content":{"rendered":"<p>Heute ist die Halbinsel Hirakubo ein wundersch\u00f6nes Gebiet, reich an Natur, das zu Recht als tropisches Paradies bezeichnet werden kann. Dies war jedoch nicht immer der Fall. Es ist eine Region mit einer tiefen Geschichte, die an der Oberfl\u00e4che nicht leicht wiederzuerkennen ist. Volksm\u00e4rchen und Lieder, die die Geschichte der Region erz\u00e4hlen, sind wichtige \u00dcberbleibsel der lokalen Kultur. W\u00e4hrend Nohoho einen neuen Stil der Unterkunft bietet, ist Nohoho bestrebt, dies mit vollem Respekt f\u00fcr die Geschichte und die Menschen, die in dieser Gegend in Vergangenheit und Gegenwart gelebt haben oder leben, zu tun.<\/p>","protected":false},"excerpt":{"rendered":"<p>Heute ist die Halbinsel Hiraku &#8230;<\/p>\n","protected":false},"author":1,"featured_media":2557,"parent":0,"menu_order":1,"comment_status":"closed","ping_status":"closed","template":"","meta":[],"_links":{"self":[{"href":"https:\/\/villa.nohoho.jp\/de\/wp-json\/wp\/v2\/pages\/2444"}],"collection":[{"href":"https:\/\/villa.nohoho.jp\/de\/wp-json\/wp\/v2\/pages"}],"about":[{"href":"https:\/\/villa.nohoho.jp\/de\/wp-json\/wp\/v2\/types\/page"}],"author":[{"embeddable":true,"href":"https:\/\/villa.nohoho.jp\/de\/wp-json\/wp\/v2\/users\/1"}],"replies":[{"embeddable":true,"href":"https:\/\/villa.nohoho.jp\/de\/wp-json\/wp\/v2\/comments?post=2444"}],"version-history":[{"count":15,"href":"https:\/\/villa.nohoho.jp\/de\/wp-json\/wp\/v2\/pages\/2444\/revisions"}],"predecessor-version":[{"id":2686,"href":"https:\/\/villa.nohoho.jp\/de\/wp-json\/wp\/v2\/pages\/2444\/revisions\/2686"}],"wp:featuredmedia":[{"embeddable":true,"href":"https:\/\/villa.nohoho.jp\/de\/wp-json\/wp\/v2\/media\/2557"}],"wp:attachment":[{"href":"https:\/\/villa.nohoho.jp\/de\/wp-json\/wp\/v2\/media?parent=2444"}],"curies":[{"name":"wp","href":"https:\/\/api.w.org\/{rel}","templated":true}]}}