{"id":1370,"date":"2016-02-12T08:10:47","date_gmt":"2016-02-11T23:10:47","guid":{"rendered":"http:\/\/demos.famethemes.com\/onepress\/?page_id=21"},"modified":"2022-12-13T17:39:39","modified_gmt":"2022-12-13T08:39:39","slug":"concept01","status":"publish","type":"page","link":"https:\/\/villa.nohoho.jp\/fr\/concept01\/","title":{"rendered":"Une combinaison de moderne et de traditionnel"},"content":{"rendered":"<p>En plus du toit de tuiles rouges typique d\u2019Okinawa, ViLLA Nohoho a un int\u00e9rieur moderne utilisant beaucoup de bois. Achev\u00e9e en 2019, cette maison de nouveau style n\u2019accueille pas un luxe extravagant, mais les clients se d\u00e9tendront et s\u00e9journeront confortablement au milieu de la nature sur la p\u00e9ninsule nord d\u2019Ishigaki.<\/p>","protected":false},"excerpt":{"rendered":"<p>Nullam ut tempor eros. Donec faucibus, velit et imperdiet aliquam, lacus velit luctus urna, vitae porttitor orci libero id felis.<\/p>\n","protected":false},"author":1,"featured_media":2469,"parent":0,"menu_order":19,"comment_status":"closed","ping_status":"closed","template":"","meta":[],"_links":{"self":[{"href":"https:\/\/villa.nohoho.jp\/fr\/wp-json\/wp\/v2\/pages\/1370"}],"collection":[{"href":"https:\/\/villa.nohoho.jp\/fr\/wp-json\/wp\/v2\/pages"}],"about":[{"href":"https:\/\/villa.nohoho.jp\/fr\/wp-json\/wp\/v2\/types\/page"}],"author":[{"embeddable":true,"href":"https:\/\/villa.nohoho.jp\/fr\/wp-json\/wp\/v2\/users\/1"}],"replies":[{"embeddable":true,"href":"https:\/\/villa.nohoho.jp\/fr\/wp-json\/wp\/v2\/comments?post=1370"}],"version-history":[{"count":13,"href":"https:\/\/villa.nohoho.jp\/fr\/wp-json\/wp\/v2\/pages\/1370\/revisions"}],"predecessor-version":[{"id":2708,"href":"https:\/\/villa.nohoho.jp\/fr\/wp-json\/wp\/v2\/pages\/1370\/revisions\/2708"}],"wp:featuredmedia":[{"embeddable":true,"href":"https:\/\/villa.nohoho.jp\/fr\/wp-json\/wp\/v2\/media\/2469"}],"wp:attachment":[{"href":"https:\/\/villa.nohoho.jp\/fr\/wp-json\/wp\/v2\/media?parent=1370"}],"curies":[{"name":"wp","href":"https:\/\/api.w.org\/{rel}","templated":true}]}}