{"id":2332,"date":"2021-12-09T09:22:55","date_gmt":"2021-12-09T00:22:55","guid":{"rendered":"https:\/\/villa.nohoho.jp\/?page_id=2332"},"modified":"2022-12-13T12:54:30","modified_gmt":"2022-12-13T03:54:30","slug":"%e5%ae%bf%e3%82%8a%e3%82%a4%e3%83%b3%e3%83%88%e3%83%ad%e6%96%87%e7%ab%a0","status":"publish","type":"page","link":"https:\/\/villa.nohoho.jp\/fr\/%e5%ae%bf%e3%82%8a%e3%82%a4%e3%83%b3%e3%83%88%e3%83%ad%e6%96%87%e7%ab%a0\/","title":{"rendered":"\u5bbf\u308astay\uff08\u30a4\u30f3\u30c8\u30ed\u6587\u7ae0\uff09"},"content":{"rendered":"<p>Le matin, r\u00e9veillez-vous avec les sons apaisants du chant des oiseaux. Pendant la journ\u00e9e, profitez du soleil. Apr\u00e8s avoir regard\u00e9 le coucher de soleil sur la plage voisine au cr\u00e9puscule, admirez le ciel \u00e9toil\u00e9 alors que la voie lact\u00e9e s\u2019\u00e9tend juste devant vous. Vous pouvez passer toute la journ\u00e9e lentement et vous d\u00e9tendre dans la nature verdoyante de la partie nord de l\u2019\u00eele d\u2019Ishigaki.<\/p>\n<p>La literie est de style japonais, mais les matelas en ur\u00e9thane fabriqu\u00e9s au Japon sont fournis. Il y a une douche et une toilette exclusivement pour les clients, tandis que la cuisine est partag\u00e9e avec le propri\u00e9taire, qui r\u00e9side dans le m\u00eame b\u00e2timent.<\/p>","protected":false},"excerpt":{"rendered":"<p>Le matin, r\u00e9veillez-vous avec  &#8230;<\/p>\n","protected":false},"author":1,"featured_media":0,"parent":0,"menu_order":11,"comment_status":"closed","ping_status":"closed","template":"","meta":[],"_links":{"self":[{"href":"https:\/\/villa.nohoho.jp\/fr\/wp-json\/wp\/v2\/pages\/2332"}],"collection":[{"href":"https:\/\/villa.nohoho.jp\/fr\/wp-json\/wp\/v2\/pages"}],"about":[{"href":"https:\/\/villa.nohoho.jp\/fr\/wp-json\/wp\/v2\/types\/page"}],"author":[{"embeddable":true,"href":"https:\/\/villa.nohoho.jp\/fr\/wp-json\/wp\/v2\/users\/1"}],"replies":[{"embeddable":true,"href":"https:\/\/villa.nohoho.jp\/fr\/wp-json\/wp\/v2\/comments?post=2332"}],"version-history":[{"count":7,"href":"https:\/\/villa.nohoho.jp\/fr\/wp-json\/wp\/v2\/pages\/2332\/revisions"}],"predecessor-version":[{"id":2698,"href":"https:\/\/villa.nohoho.jp\/fr\/wp-json\/wp\/v2\/pages\/2332\/revisions\/2698"}],"wp:attachment":[{"href":"https:\/\/villa.nohoho.jp\/fr\/wp-json\/wp\/v2\/media?parent=2332"}],"curies":[{"name":"wp","href":"https:\/\/api.w.org\/{rel}","templated":true}]}}