{"id":2359,"date":"2021-12-10T09:37:33","date_gmt":"2021-12-10T00:37:33","guid":{"rendered":"https:\/\/villa.nohoho.jp\/?page_id=2359"},"modified":"2022-12-13T12:48:14","modified_gmt":"2022-12-13T03:48:14","slug":"facilities","status":"publish","type":"page","link":"https:\/\/villa.nohoho.jp\/fr\/facilities\/","title":{"rendered":"Facilities"},"content":{"rendered":"<p><\/p>\n<h5>Chambre priv\u00e9e<\/h5>\n<p>Toilettes, douche \u00e0 effet pluie, salle d\u2019eau. Climatiseur, ventilateur de plafond, circulateur d\u2019air portable, purificateur d\u2019air, s\u00e9cheuse, WiFi. Serviettes Imabari (corps, visage). Shampoing et savon pour le corps.<\/p>\n<p>\u203b Pour prot\u00e9ger l\u2019environnement, nous ne fournissons pas d\u2019\u00e9quipements \u00e0 usage unique tels que des brosses \u00e0 dents.<\/p>\n<p>\u203b Il n\u2019y a pas de t\u00e9l\u00e9vision. Votre t\u00e9l\u00e9viseur s\u2019enferme de la vue \u00e0 travers la fen\u00eatre de la chambre. Profitez de la \u00abslow\u00a0television\u00bb en style Okinawa\u00efen.<\/p>\n<p><strong>UTILISATION COURANTE (AVEC PROPRI\u00c9TAIRE)<\/strong><\/p>\n<p>Cuisine, r\u00e9frig\u00e9rateur, four micro-ondes, bouilloire \u00e9lectrique, cuisini\u00e8re IH, barbecue, patio. La vaisselle, les assaisonnements pour la cuisine, etc. dans la cuisine peuvent \u00eatre utilis\u00e9s librement.<\/p>\n<p>Une toilette et une douche suppl\u00e9mentaire sont disponibles en plus des installations des chambres.<\/p>\n<p>G\u00e9n\u00e9rateur d\u2019\u00e9lectricit\u00e9 pour les urgences.<\/p>","protected":false},"excerpt":{"rendered":"<p>Chambre priv\u00e9e Toilettes, douc &#8230;<\/p>\n","protected":false},"author":1,"featured_media":2225,"parent":0,"menu_order":8,"comment_status":"closed","ping_status":"closed","template":"","meta":[],"_links":{"self":[{"href":"https:\/\/villa.nohoho.jp\/fr\/wp-json\/wp\/v2\/pages\/2359"}],"collection":[{"href":"https:\/\/villa.nohoho.jp\/fr\/wp-json\/wp\/v2\/pages"}],"about":[{"href":"https:\/\/villa.nohoho.jp\/fr\/wp-json\/wp\/v2\/types\/page"}],"author":[{"embeddable":true,"href":"https:\/\/villa.nohoho.jp\/fr\/wp-json\/wp\/v2\/users\/1"}],"replies":[{"embeddable":true,"href":"https:\/\/villa.nohoho.jp\/fr\/wp-json\/wp\/v2\/comments?post=2359"}],"version-history":[{"count":11,"href":"https:\/\/villa.nohoho.jp\/fr\/wp-json\/wp\/v2\/pages\/2359\/revisions"}],"predecessor-version":[{"id":2694,"href":"https:\/\/villa.nohoho.jp\/fr\/wp-json\/wp\/v2\/pages\/2359\/revisions\/2694"}],"wp:featuredmedia":[{"embeddable":true,"href":"https:\/\/villa.nohoho.jp\/fr\/wp-json\/wp\/v2\/media\/2225"}],"wp:attachment":[{"href":"https:\/\/villa.nohoho.jp\/fr\/wp-json\/wp\/v2\/media?parent=2359"}],"curies":[{"name":"wp","href":"https:\/\/api.w.org\/{rel}","templated":true}]}}