{"id":2371,"date":"2021-12-10T10:34:55","date_gmt":"2021-12-10T01:34:55","guid":{"rendered":"https:\/\/villa.nohoho.jp\/?page_id=2371"},"modified":"2023-12-14T01:43:52","modified_gmt":"2023-12-13T16:43:52","slug":"contact","status":"publish","type":"page","link":"https:\/\/villa.nohoho.jp\/fr\/contact\/","title":{"rendered":"Contact"},"content":{"rendered":"<p><\/p>\n<div class=\"section-title-area\">\n<h5 class=\"section-subtitle\">contact &amp; reservation<\/h5>\n<h2 class=\"section-title\">\u306e\u30fc\u3084\u3089\u3070\u3093 \u3057\u3045\u304d\u3072\u3087\u30fc\u308a<\/h2>\n<\/div>\n<p style=\"text-align: center;\">En principe, ViLLA Nohoho ne peut \u00eatre r\u00e9serv\u00e9 que par introduction, par exemple aupr\u00e8s d\u2019anciens clients.<\/p>\n<p style=\"text-align: center;\">Pour questions concernant les r\u00e9servations et autres questions, veuillez nous contacter par e-mail.<\/p>\n<h3 style=\"text-align: center;\"><a href=\"mailto:info@nohoho.jp\">info@nohoho.jp<\/a><\/h3>\n<p style=\"text-align: center;\">\n<p><\/p>","protected":false},"excerpt":{"rendered":"<p>contact &amp; reservation \u306e\u30fc\u3084\u3089 &#8230;<\/p>\n","protected":false},"author":1,"featured_media":0,"parent":0,"menu_order":4,"comment_status":"closed","ping_status":"closed","template":"","meta":[],"_links":{"self":[{"href":"https:\/\/villa.nohoho.jp\/fr\/wp-json\/wp\/v2\/pages\/2371"}],"collection":[{"href":"https:\/\/villa.nohoho.jp\/fr\/wp-json\/wp\/v2\/pages"}],"about":[{"href":"https:\/\/villa.nohoho.jp\/fr\/wp-json\/wp\/v2\/types\/page"}],"author":[{"embeddable":true,"href":"https:\/\/villa.nohoho.jp\/fr\/wp-json\/wp\/v2\/users\/1"}],"replies":[{"embeddable":true,"href":"https:\/\/villa.nohoho.jp\/fr\/wp-json\/wp\/v2\/comments?post=2371"}],"version-history":[{"count":24,"href":"https:\/\/villa.nohoho.jp\/fr\/wp-json\/wp\/v2\/pages\/2371\/revisions"}],"predecessor-version":[{"id":2741,"href":"https:\/\/villa.nohoho.jp\/fr\/wp-json\/wp\/v2\/pages\/2371\/revisions\/2741"}],"wp:attachment":[{"href":"https:\/\/villa.nohoho.jp\/fr\/wp-json\/wp\/v2\/media?parent=2371"}],"curies":[{"name":"wp","href":"https:\/\/api.w.org\/{rel}","templated":true}]}}