{"id":2381,"date":"2021-12-10T10:50:23","date_gmt":"2021-12-10T01:50:23","guid":{"rendered":"https:\/\/villa.nohoho.jp\/?page_id=2381"},"modified":"2024-06-02T16:41:30","modified_gmt":"2024-06-02T07:41:30","slug":"activity","status":"publish","type":"page","link":"https:\/\/villa.nohoho.jp\/fr\/activity\/","title":{"rendered":"Activity"},"content":{"rendered":"<p>Il existe de nombreuses activit\u00e9s uniques \u00e0 la p\u00e9ninsule nord de l\u2019\u00eele d\u2019Ishigaki. De de l\u2019\u00e9quitation, du parapente, du SUP, du kayak, etc. peuvent tous \u00eatre appr\u00e9ci\u00e9s dans les environs. La plage voisine offre des possibilit\u00e9s de plong\u00e9e avec tuba et de yoga. Si le ciel est d\u00e9gag\u00e9, contempler le ciel nocturne dans le jardin est \u00e9galement une activit\u00e9 incontournable.<\/p>\n<p>Bien s\u00fbr, des activit\u00e9s simples comme lire un livre, dormir ou d\u00e9guster du vin et de l\u2019awamori toute la journ\u00e9e sont \u00e9galement des alternatives recommand\u00e9es pour \u00eatre un peu moins actif.<\/p>","protected":false},"excerpt":{"rendered":"<p>Il existe de nombreuses activi &#8230;<\/p>\n","protected":false},"author":1,"featured_media":0,"parent":0,"menu_order":3,"comment_status":"closed","ping_status":"closed","template":"","meta":[],"_links":{"self":[{"href":"https:\/\/villa.nohoho.jp\/fr\/wp-json\/wp\/v2\/pages\/2381"}],"collection":[{"href":"https:\/\/villa.nohoho.jp\/fr\/wp-json\/wp\/v2\/pages"}],"about":[{"href":"https:\/\/villa.nohoho.jp\/fr\/wp-json\/wp\/v2\/types\/page"}],"author":[{"embeddable":true,"href":"https:\/\/villa.nohoho.jp\/fr\/wp-json\/wp\/v2\/users\/1"}],"replies":[{"embeddable":true,"href":"https:\/\/villa.nohoho.jp\/fr\/wp-json\/wp\/v2\/comments?post=2381"}],"version-history":[{"count":10,"href":"https:\/\/villa.nohoho.jp\/fr\/wp-json\/wp\/v2\/pages\/2381\/revisions"}],"predecessor-version":[{"id":2753,"href":"https:\/\/villa.nohoho.jp\/fr\/wp-json\/wp\/v2\/pages\/2381\/revisions\/2753"}],"wp:attachment":[{"href":"https:\/\/villa.nohoho.jp\/fr\/wp-json\/wp\/v2\/media?parent=2381"}],"curies":[{"name":"wp","href":"https:\/\/api.w.org\/{rel}","templated":true}]}}