{"id":2444,"date":"2021-12-15T10:18:36","date_gmt":"2021-12-15T01:18:36","guid":{"rendered":"https:\/\/villa.nohoho.jp\/?page_id=2444"},"modified":"2022-12-13T12:37:36","modified_gmt":"2022-12-13T03:37:36","slug":"concept06","status":"publish","type":"page","link":"https:\/\/villa.nohoho.jp\/fr\/concept06\/","title":{"rendered":"Une r\u00e9gion qui raconte l\u2019histoire"},"content":{"rendered":"<p>De nos jours, la p\u00e9ninsule de Hirakubo est une r\u00e9gion merveilleuse, abondante avec la nature qui peut vraiment \u00eatre appel\u00e9e un paradis tropical. Cependant, cela n\u2019a pas toujours \u00e9t\u00e9 le cas. C\u2019est une r\u00e9gion avec une histoire profonde qui n\u2019est pas facile \u00e0 reconna\u00eetre en surface. Les contes folkloriques et les chansons qui racontent l\u2019histoire de la r\u00e9gion sont des vestiges importants de la culture locale. Bien que Nohoho offre un nouveau style d\u2019exp\u00e9rience d\u2019h\u00e9bergement, il vise \u00e0 le faire dans le plein respect de l\u2019histoire et des difficult\u00e9s des personnes qui ont v\u00e9cu dans cette r\u00e9gion dans le pr\u00e9sent et le pass\u00e9.<\/p>","protected":false},"excerpt":{"rendered":"<p>De nos jours, la p\u00e9ninsule de  &#8230;<\/p>\n","protected":false},"author":1,"featured_media":2557,"parent":0,"menu_order":1,"comment_status":"closed","ping_status":"closed","template":"","meta":[],"_links":{"self":[{"href":"https:\/\/villa.nohoho.jp\/fr\/wp-json\/wp\/v2\/pages\/2444"}],"collection":[{"href":"https:\/\/villa.nohoho.jp\/fr\/wp-json\/wp\/v2\/pages"}],"about":[{"href":"https:\/\/villa.nohoho.jp\/fr\/wp-json\/wp\/v2\/types\/page"}],"author":[{"embeddable":true,"href":"https:\/\/villa.nohoho.jp\/fr\/wp-json\/wp\/v2\/users\/1"}],"replies":[{"embeddable":true,"href":"https:\/\/villa.nohoho.jp\/fr\/wp-json\/wp\/v2\/comments?post=2444"}],"version-history":[{"count":15,"href":"https:\/\/villa.nohoho.jp\/fr\/wp-json\/wp\/v2\/pages\/2444\/revisions"}],"predecessor-version":[{"id":2686,"href":"https:\/\/villa.nohoho.jp\/fr\/wp-json\/wp\/v2\/pages\/2444\/revisions\/2686"}],"wp:featuredmedia":[{"embeddable":true,"href":"https:\/\/villa.nohoho.jp\/fr\/wp-json\/wp\/v2\/media\/2557"}],"wp:attachment":[{"href":"https:\/\/villa.nohoho.jp\/fr\/wp-json\/wp\/v2\/media?parent=2444"}],"curies":[{"name":"wp","href":"https:\/\/api.w.org\/{rel}","templated":true}]}}