{"id":1535,"date":"2021-10-28T17:25:13","date_gmt":"2021-10-28T08:25:13","guid":{"rendered":"https:\/\/villa.nohoho.jp\/?page_id=1535"},"modified":"2022-12-13T12:56:58","modified_gmt":"2022-12-13T03:56:58","slug":"concept02","status":"publish","type":"page","link":"https:\/\/villa.nohoho.jp\/nl\/concept02\/","title":{"rendered":"Slechts een gezelschap per dag"},"content":{"rendered":"<p><span class=\"VIiyi\" lang=\"nl\"><span class=\"JLqJ4b ChMk0b\" data-language-for-alternatives=\"nl\" data-language-to-translate-into=\"en\" data-phrase-index=\"0\" data-number-of-phrases=\"4\">Aangezien de faciliteit beperkt is tot \u00e9\u00e9n groep, kunnen gasten genieten van hun priv\u00e9tijd en ontspannen in hun eigen tempo.<\/span> <span class=\"JLqJ4b ChMk0b\" data-language-for-alternatives=\"nl\" data-language-to-translate-into=\"en\" data-phrase-index=\"1\" data-number-of-phrases=\"4\">Het is geschikt voor bezoekers tot 4 personen.<\/span> <span class=\"JLqJ4b ChMk0b\" data-language-for-alternatives=\"nl\" data-language-to-translate-into=\"en\" data-phrase-index=\"2\" data-number-of-phrases=\"4\">.<\/span> <span class=\"JLqJ4b ChMk0b\" data-language-for-alternatives=\"nl\" data-language-to-translate-into=\"en\" data-phrase-index=\"3\" data-number-of-phrases=\"4\">Voor ondersteuning kunnen gasten eenvoudig de eigenaar aanspreken, die in hetzelfde gebouw woont, of gewoon een &#8216;Yuntaku&#8217; praatje hebben over het eiland of andere onderwerpen.<\/span><\/span><\/p>","protected":false},"excerpt":{"rendered":"<p>Nullam ut tempor eros. Donec faucibus, velit et imperdiet aliquam, lacus velit luctus urna, vitae porttitor orci libero id felis.<\/p>\n","protected":false},"author":1,"featured_media":2604,"parent":0,"menu_order":14,"comment_status":"closed","ping_status":"closed","template":"","meta":[],"_links":{"self":[{"href":"https:\/\/villa.nohoho.jp\/nl\/wp-json\/wp\/v2\/pages\/1535"}],"collection":[{"href":"https:\/\/villa.nohoho.jp\/nl\/wp-json\/wp\/v2\/pages"}],"about":[{"href":"https:\/\/villa.nohoho.jp\/nl\/wp-json\/wp\/v2\/types\/page"}],"author":[{"embeddable":true,"href":"https:\/\/villa.nohoho.jp\/nl\/wp-json\/wp\/v2\/users\/1"}],"replies":[{"embeddable":true,"href":"https:\/\/villa.nohoho.jp\/nl\/wp-json\/wp\/v2\/comments?post=1535"}],"version-history":[{"count":21,"href":"https:\/\/villa.nohoho.jp\/nl\/wp-json\/wp\/v2\/pages\/1535\/revisions"}],"predecessor-version":[{"id":2699,"href":"https:\/\/villa.nohoho.jp\/nl\/wp-json\/wp\/v2\/pages\/1535\/revisions\/2699"}],"wp:featuredmedia":[{"embeddable":true,"href":"https:\/\/villa.nohoho.jp\/nl\/wp-json\/wp\/v2\/media\/2604"}],"wp:attachment":[{"href":"https:\/\/villa.nohoho.jp\/nl\/wp-json\/wp\/v2\/media?parent=1535"}],"curies":[{"name":"wp","href":"https:\/\/api.w.org\/{rel}","templated":true}]}}